{"id":98,"date":"2026-04-03T16:11:38","date_gmt":"2026-04-03T16:11:38","guid":{"rendered":"https:\/\/azoresforesthomes.com\/sobre\/"},"modified":"2026-05-11T19:27:45","modified_gmt":"2026-05-11T19:27:45","slug":"sobre","status":"publish","type":"page","link":"https:\/\/azoresforesthomes.com\/en\/sobre\/","title":{"rendered":"About"},"content":{"rendered":"\t\t<div data-elementor-type=\"wp-page\" data-elementor-id=\"98\" class=\"elementor elementor-98\" data-elementor-post-type=\"page\">\n\t\t\t\t<div class=\"elementor-element elementor-element-32f10d97 e-flex e-con-boxed e-con e-parent\" data-id=\"32f10d97\" data-element_type=\"container\" data-e-type=\"container\" data-settings=\"{&quot;background_background&quot;:&quot;slideshow&quot;,&quot;background_slideshow_ken_burns&quot;:&quot;yes&quot;,&quot;background_slideshow_gallery&quot;:[{&quot;id&quot;:349,&quot;url&quot;:&quot;https:\\\/\\\/azoresforesthomes.com\\\/wp-content\\\/uploads\\\/2026\\\/04\\\/Casa-do-Incenso-Plenitude-Properties-39-scaled.jpg&quot;},{&quot;id&quot;:345,&quot;url&quot;:&quot;https:\\\/\\\/azoresforesthomes.com\\\/wp-content\\\/uploads\\\/2026\\\/04\\\/Casa-da-Figueira-Plenitude-Properties47-scaled.jpg&quot;},{&quot;id&quot;:213,&quot;url&quot;:&quot;https:\\\/\\\/azoresforesthomes.com\\\/wp-content\\\/uploads\\\/2026\\\/04\\\/Upscaled-Image101-scaled.png&quot;}],&quot;background_slideshow_loop&quot;:&quot;yes&quot;,&quot;background_slideshow_slide_duration&quot;:5000,&quot;background_slideshow_slide_transition&quot;:&quot;fade&quot;,&quot;background_slideshow_transition_duration&quot;:500,&quot;background_slideshow_ken_burns_zoom_direction&quot;:&quot;in&quot;}\">\n\t\t\t\t\t<div class=\"e-con-inner\">\n\t\t\t\t<div class=\"elementor-element elementor-element-76763ce6 elementor-invisible elementor-widget elementor-widget-heading\" data-id=\"76763ce6\" data-element_type=\"widget\" data-e-type=\"widget\" data-settings=\"{&quot;_animation&quot;:&quot;fadeInUp&quot;}\" data-widget_type=\"heading.default\">\n\t\t\t\t\t<h1 class=\"elementor-heading-title elementor-size-default\">Lugares nascidos\ndo vulc\u00e3o.<\/h1>\t\t\t\t<\/div>\n\t\t\t\t\t<\/div>\n\t\t\t\t<\/div>\n\t\t<div class=\"elementor-element elementor-element-171bb96d e-flex e-con-boxed e-con e-parent\" data-id=\"171bb96d\" data-element_type=\"container\" data-e-type=\"container\" data-settings=\"{&quot;background_background&quot;:&quot;classic&quot;}\">\n\t\t\t\t\t<div class=\"e-con-inner\">\n\t\t\t\t<div class=\"elementor-element elementor-element-8b2057a elementor-invisible elementor-widget elementor-widget-image\" data-id=\"8b2057a\" data-element_type=\"widget\" data-e-type=\"widget\" data-settings=\"{&quot;_animation&quot;:&quot;fadeInUp&quot;}\" data-widget_type=\"image.default\">\n\t\t\t\t\t\t\t\t\t\t\t\t\t\t\t<img fetchpriority=\"high\" decoding=\"async\" width=\"961\" height=\"1024\" src=\"https:\/\/azoresforesthomes.com\/wp-content\/uploads\/2026\/05\/icon-forest-homes-961x1024.png\" class=\"attachment-large size-large wp-image-442\" alt=\"\" srcset=\"https:\/\/azoresforesthomes.com\/wp-content\/uploads\/2026\/05\/icon-forest-homes-961x1024.png 961w, https:\/\/azoresforesthomes.com\/wp-content\/uploads\/2026\/05\/icon-forest-homes-281x300.png 281w, https:\/\/azoresforesthomes.com\/wp-content\/uploads\/2026\/05\/icon-forest-homes-768x819.png 768w, https:\/\/azoresforesthomes.com\/wp-content\/uploads\/2026\/05\/icon-forest-homes.png 1034w\" sizes=\"(max-width: 961px) 100vw, 961px\" \/>\t\t\t\t\t\t\t\t\t\t\t\t\t\t\t<\/div>\n\t\t\t\t<div class=\"elementor-element elementor-element-5754e5e7 elementor-invisible elementor-widget elementor-widget-heading\" data-id=\"5754e5e7\" data-element_type=\"widget\" data-e-type=\"widget\" data-settings=\"{&quot;_animation&quot;:&quot;fadeInUp&quot;}\" data-widget_type=\"heading.default\">\n\t\t\t\t\t<h1 class=\"elementor-heading-title elementor-size-default\">Sete casas. Uma ilha.<\/h1>\t\t\t\t<\/div>\n\t\t\t\t<div class=\"elementor-element elementor-element-978ab20 elementor-invisible elementor-widget elementor-widget-heading\" data-id=\"978ab20\" data-element_type=\"widget\" data-e-type=\"widget\" data-settings=\"{&quot;_animation&quot;:&quot;fadeInUp&quot;}\" data-widget_type=\"heading.default\">\n\t\t\t\t\t<h1 class=\"elementor-heading-title elementor-size-default\">A montanha mais alta de Portugal espreita por cada janela. De manh\u00e3 cedo, quando a neblina ainda abra\u00e7a os 2.351 metros, percebe-se porque \u00e9 que quem nasce aqui nunca consegue ficar longe. O basalto negro das paredes conta a mesma hist\u00f3ria que o solo das vinhas, uma ilha constru\u00edda camada a camada pela for\u00e7a do fogo, moldada depois pelo vento e pelo sal do Atl\u00e2ntico.<\/h1>\t\t\t\t<\/div>\n\t\t\t\t\t<\/div>\n\t\t\t\t<\/div>\n\t\t<div class=\"elementor-element elementor-element-27f5393f e-con-full e-flex e-con e-parent\" data-id=\"27f5393f\" data-element_type=\"container\" data-e-type=\"container\" data-settings=\"{&quot;background_background&quot;:&quot;classic&quot;}\">\n\t\t<div class=\"elementor-element elementor-element-52e0b4a9 e-flex e-con-boxed e-con e-child\" data-id=\"52e0b4a9\" data-element_type=\"container\" data-e-type=\"container\" data-settings=\"{&quot;background_background&quot;:&quot;slideshow&quot;,&quot;background_slideshow_gallery&quot;:[{&quot;id&quot;:348,&quot;url&quot;:&quot;https:\\\/\\\/azoresforesthomes.com\\\/wp-content\\\/uploads\\\/2026\\\/04\\\/Casa-do-Incenso-Plenitude-Properties-40-scaled.jpg&quot;},{&quot;id&quot;:331,&quot;url&quot;:&quot;https:\\\/\\\/azoresforesthomes.com\\\/wp-content\\\/uploads\\\/2026\\\/04\\\/Casa-do-Incenso-Plenitude-Properties-34-scaled.jpg&quot;},{&quot;id&quot;:344,&quot;url&quot;:&quot;https:\\\/\\\/azoresforesthomes.com\\\/wp-content\\\/uploads\\\/2026\\\/04\\\/Casa-da-Figueira-Plenitude-Properties-24-scaled.jpg&quot;},{&quot;id&quot;:319,&quot;url&quot;:&quot;https:\\\/\\\/azoresforesthomes.com\\\/wp-content\\\/uploads\\\/2026\\\/04\\\/Drone-Plenitude-Properties-18-scaled.jpg&quot;},{&quot;id&quot;:346,&quot;url&quot;:&quot;https:\\\/\\\/azoresforesthomes.com\\\/wp-content\\\/uploads\\\/2026\\\/04\\\/Casa-da-Figueira-Plenitude-Properties53-scaled.jpg&quot;}],&quot;background_slideshow_loop&quot;:&quot;yes&quot;,&quot;background_slideshow_slide_duration&quot;:5000,&quot;background_slideshow_slide_transition&quot;:&quot;fade&quot;,&quot;background_slideshow_transition_duration&quot;:500}\">\n\t\t\t\t\t<div class=\"e-con-inner\">\n\t\t\t\t\t<\/div>\n\t\t\t\t<\/div>\n\t\t<div class=\"elementor-element elementor-element-2e7561e7 e-flex e-con-boxed e-con e-child\" data-id=\"2e7561e7\" data-element_type=\"container\" data-e-type=\"container\">\n\t\t\t\t\t<div class=\"e-con-inner\">\n\t\t\t\t<div class=\"elementor-element elementor-element-1232e58 elementor-invisible elementor-widget elementor-widget-heading\" data-id=\"1232e58\" data-element_type=\"widget\" data-e-type=\"widget\" data-settings=\"{&quot;_animation&quot;:&quot;fadeInUp&quot;}\" data-widget_type=\"heading.default\">\n\t\t\t\t\t<h1 class=\"elementor-heading-title elementor-size-default\">Bem-vindos<\/h1>\t\t\t\t<\/div>\n\t\t\t\t<div class=\"elementor-element elementor-element-76c09853 elementor-invisible elementor-widget elementor-widget-heading\" data-id=\"76c09853\" data-element_type=\"widget\" data-e-type=\"widget\" data-settings=\"{&quot;_animation&quot;:&quot;fadeInUp&quot;}\" data-widget_type=\"heading.default\">\n\t\t\t\t\t<h1 class=\"elementor-heading-title elementor-size-default\">Das ra\u00edzes de uma ilha\nque nunca esquece.<\/h1>\t\t\t\t<\/div>\n\t\t\t\t<div class=\"elementor-element elementor-element-cfcfd8e elementor-invisible elementor-widget elementor-widget-text-editor\" data-id=\"cfcfd8e\" data-element_type=\"widget\" data-e-type=\"widget\" data-settings=\"{&quot;_animation&quot;:&quot;fadeInUp&quot;}\" data-widget_type=\"text-editor.default\">\n\t\t\t\t\t\t\t\t\t<div><p dir=\"auto\">Um ref\u00fagio onde o luxo \u00e9 silencioso e a paisagem fala por si.<\/p><p dir=\"auto\">Tudo foi desenhado para criar uma experi\u00eancia rara: a sensa\u00e7\u00e3o de estar completamente imerso na natureza, com o conforto e a sofistica\u00e7\u00e3o de um boutique hotel. A madeira, a luz quente e as linhas minimalistas envolvem cada espa\u00e7o, enquanto as amplas janelas deixam entrar o Atl\u00e2ntico em toda a sua dimens\u00e3o, com vista direta para a ilha de S\u00e3o Jorge.<\/p><\/div>\t\t\t\t\t\t\t\t<\/div>\n\t\t\t\t<div class=\"elementor-element elementor-element-1686e76 elementor-invisible elementor-widget elementor-widget-text-editor\" data-id=\"1686e76\" data-element_type=\"widget\" data-e-type=\"widget\" data-settings=\"{&quot;_animation&quot;:&quot;fadeInUp&quot;}\" data-widget_type=\"text-editor.default\">\n\t\t\t\t\t\t\t\t\t<p>Das pedras negras moldadas por s\u00e9culos de vulc\u00e3o, das florestas de criptom\u00e9ria que crescem em sil\u00eancio e das vagas que chegam sem aviso do Atl\u00e2ntico nasce uma forma diferente de habitar. N\u00e3o apenas de ficar, mas de pertencer, ainda que por alguns dias, a um lugar que existe fora do tempo.<\/p>\t\t\t\t\t\t\t\t<\/div>\n\t\t\t\t\t<\/div>\n\t\t\t\t<\/div>\n\t\t\t\t<\/div>\n\t\t<div class=\"elementor-element elementor-element-34ed7517 e-flex e-con-boxed e-con e-parent\" data-id=\"34ed7517\" data-element_type=\"container\" data-e-type=\"container\" data-settings=\"{&quot;background_background&quot;:&quot;classic&quot;}\">\n\t\t\t\t\t<div class=\"e-con-inner\">\n\t\t\t\t<div class=\"elementor-element elementor-element-7fd1de88 elementor-invisible elementor-widget elementor-widget-heading\" data-id=\"7fd1de88\" data-element_type=\"widget\" data-e-type=\"widget\" data-settings=\"{&quot;_animation&quot;:&quot;fadeInUp&quot;}\" data-widget_type=\"heading.default\">\n\t\t\t\t\t<h1 class=\"elementor-heading-title elementor-size-default\">Um lugar que emerge do oceano como o pr\u00f3prio Pico,  devagar, em sil\u00eancio, inevit\u00e1vel.<\/h1>\t\t\t\t<\/div>\n\t\t\t\t<div class=\"elementor-element elementor-element-21eb4074 elementor-widget-divider--view-line elementor-widget elementor-widget-divider\" data-id=\"21eb4074\" data-element_type=\"widget\" data-e-type=\"widget\" data-widget_type=\"divider.default\">\n\t\t\t\t\t\t\t<div class=\"elementor-divider\">\n\t\t\t<span class=\"elementor-divider-separator\">\n\t\t\t\t\t\t<\/span>\n\t\t<\/div>\n\t\t\t\t\t\t<\/div>\n\t\t\t\t\t<\/div>\n\t\t\t\t<\/div>\n\t\t<div class=\"elementor-element elementor-element-2a88f002 e-flex e-con-boxed e-con e-parent\" data-id=\"2a88f002\" data-element_type=\"container\" data-e-type=\"container\" data-settings=\"{&quot;background_background&quot;:&quot;slideshow&quot;,&quot;background_slideshow_gallery&quot;:[{&quot;id&quot;:308,&quot;url&quot;:&quot;https:\\\/\\\/azoresforesthomes.com\\\/wp-content\\\/uploads\\\/2026\\\/04\\\/Drone-Plenitude-Properties-5-scaled.jpg&quot;},{&quot;id&quot;:322,&quot;url&quot;:&quot;https:\\\/\\\/azoresforesthomes.com\\\/wp-content\\\/uploads\\\/2026\\\/04\\\/Drone-Plenitude-Properties-24-scaled.jpg&quot;},{&quot;id&quot;:206,&quot;url&quot;:&quot;https:\\\/\\\/azoresforesthomes.com\\\/wp-content\\\/uploads\\\/2026\\\/04\\\/Forest-Homes-.jpg&quot;},{&quot;id&quot;:319,&quot;url&quot;:&quot;https:\\\/\\\/azoresforesthomes.com\\\/wp-content\\\/uploads\\\/2026\\\/04\\\/Drone-Plenitude-Properties-18-scaled.jpg&quot;}],&quot;background_slideshow_loop&quot;:&quot;yes&quot;,&quot;background_slideshow_slide_duration&quot;:5000,&quot;background_slideshow_slide_transition&quot;:&quot;fade&quot;,&quot;background_slideshow_transition_duration&quot;:500}\">\n\t\t\t\t\t<div class=\"e-con-inner\">\n\t\t\t\t<div class=\"elementor-element elementor-element-3fb18b2c elementor-invisible elementor-widget elementor-widget-heading\" data-id=\"3fb18b2c\" data-element_type=\"widget\" data-e-type=\"widget\" data-settings=\"{&quot;_animation&quot;:&quot;fadeInUp&quot;}\" data-widget_type=\"heading.default\">\n\t\t\t\t\t<h1 class=\"elementor-heading-title elementor-size-default\">O Pico n\u00e3o se visita. Habita-se.<\/h1>\t\t\t\t<\/div>\n\t\t\t\t\t<\/div>\n\t\t\t\t<\/div>\n\t\t<div class=\"elementor-element elementor-element-282a4234 e-flex e-con-boxed e-con e-parent\" data-id=\"282a4234\" data-element_type=\"container\" data-e-type=\"container\" data-settings=\"{&quot;background_background&quot;:&quot;classic&quot;}\">\n\t\t\t\t\t<div class=\"e-con-inner\">\n\t\t\t\t<div class=\"elementor-element elementor-element-7538a770 elementor-invisible elementor-widget elementor-widget-heading\" data-id=\"7538a770\" data-element_type=\"widget\" data-e-type=\"widget\" data-settings=\"{&quot;_animation&quot;:&quot;fadeInLeft&quot;}\" data-widget_type=\"heading.default\">\n\t\t\t\t\t<h1 class=\"elementor-heading-title elementor-size-default\">As janelas enquadram o Atl\u00e2ntico.<\/h1>\t\t\t\t<\/div>\n\t\t\t\t<div class=\"elementor-element elementor-element-f348435 elementor-invisible elementor-widget elementor-widget-text-editor\" data-id=\"f348435\" data-element_type=\"widget\" data-e-type=\"widget\" data-settings=\"{&quot;_animation&quot;:&quot;fadeInUp&quot;}\" data-widget_type=\"text-editor.default\">\n\t\t\t\t\t\t\t\t\t<p>Uma ilha que emergiu do oceano h\u00e1 mil\u00e9nios e que durante s\u00e9culos foi narrada em voz alta pelos baleeiros, pelos pescadores, pelos que ficaram. Do lado de dentro, o cheiro a madeira de criptom\u00e9ria e a terra molhada depois da chuva. Em cada janela, uma vers\u00e3o diferente de uma ilha que nunca se repete.&#8221;<\/p>\t\t\t\t\t\t\t\t<\/div>\n\t\t\t\t<div class=\"elementor-element elementor-element-1fa3a3e5 elementor-widget-divider--view-line elementor-widget elementor-widget-divider\" data-id=\"1fa3a3e5\" data-element_type=\"widget\" data-e-type=\"widget\" data-widget_type=\"divider.default\">\n\t\t\t\t\t\t\t<div class=\"elementor-divider\">\n\t\t\t<span class=\"elementor-divider-separator\">\n\t\t\t\t\t\t<\/span>\n\t\t<\/div>\n\t\t\t\t\t\t<\/div>\n\t\t\t\t\t<\/div>\n\t\t\t\t<\/div>\n\t\t<div class=\"elementor-element elementor-element-228c46d0 e-flex e-con-boxed e-con e-parent\" data-id=\"228c46d0\" data-element_type=\"container\" data-e-type=\"container\" data-settings=\"{&quot;background_background&quot;:&quot;classic&quot;}\">\n\t\t\t\t\t<div class=\"e-con-inner\">\n\t\t\t\t<div class=\"elementor-element elementor-element-2112a8cf elementor-invisible elementor-widget elementor-widget-heading\" data-id=\"2112a8cf\" data-element_type=\"widget\" data-e-type=\"widget\" data-settings=\"{&quot;_animation&quot;:&quot;fadeInUp&quot;}\" data-widget_type=\"heading.default\">\n\t\t\t\t\t<h1 class=\"elementor-heading-title elementor-size-default\">A sua estadia come\u00e7a aqui.<\/h1>\t\t\t\t<\/div>\n\t\t\t\t<div class=\"elementor-element elementor-element-2cad4087 elementor-align-center elementor-invisible elementor-widget elementor-widget-button\" data-id=\"2cad4087\" data-element_type=\"widget\" data-e-type=\"widget\" data-settings=\"{&quot;_animation&quot;:&quot;fadeInUp&quot;}\" data-widget_type=\"button.default\">\n\t\t\t\t\t\t\t\t\t\t<a class=\"elementor-button elementor-button-link elementor-size-sm\" href=\"https:\/\/azoresforesthomes.com\/residencias\/\">\n\t\t\t\t\t\t<span class=\"elementor-button-content-wrapper\">\n\t\t\t\t\t\t<span class=\"elementor-button-icon\">\n\t\t\t\t<svg aria-hidden=\"true\" class=\"e-font-icon-svg e-fas-chevron-right\" viewBox=\"0 0 320 512\" xmlns=\"http:\/\/www.w3.org\/2000\/svg\"><path d=\"M285.476 272.971L91.132 467.314c-9.373 9.373-24.569 9.373-33.941 0l-22.667-22.667c-9.357-9.357-9.375-24.522-.04-33.901L188.505 256 34.484 101.255c-9.335-9.379-9.317-24.544.04-33.901l22.667-22.667c9.373-9.373 24.569-9.373 33.941 0L285.475 239.03c9.373 9.372 9.373 24.568.001 33.941z\"><\/path><\/svg>\t\t\t<\/span>\n\t\t\t\t\t\t\t\t\t<span class=\"elementor-button-text\">Escolher Resid\u00eancia<\/span>\n\t\t\t\t\t<\/span>\n\t\t\t\t\t<\/a>\n\t\t\t\t\t\t\t\t<\/div>\n\t\t\t\t\t<\/div>\n\t\t\t\t<\/div>\n\t\t\t\t<\/div>\n\t\t","protected":false},"excerpt":{"rendered":"<p>Lugares nascidos do vulc\u00e3o. Sete casas. Uma ilha. A montanha mais alta de Portugal espreita por cada janela. De manh\u00e3 [&hellip;]<\/p>\n","protected":false},"author":1,"featured_media":0,"parent":0,"menu_order":0,"comment_status":"closed","ping_status":"closed","template":"","meta":{"site-sidebar-layout":"no-sidebar","site-content-layout":"","ast-site-content-layout":"full-width-container","site-content-style":"default","site-sidebar-style":"default","ast-global-header-display":"","ast-banner-title-visibility":"","ast-main-header-display":"","ast-hfb-above-header-display":"","ast-hfb-below-header-display":"","ast-hfb-mobile-header-display":"","site-post-title":"disabled","ast-breadcrumbs-content":"","ast-featured-img":"disabled","footer-sml-layout":"","ast-disable-related-posts":"","theme-transparent-header-meta":"","adv-header-id-meta":"","stick-header-meta":"","header-above-stick-meta":"","header-main-stick-meta":"","header-below-stick-meta":"","astra-migrate-meta-layouts":"default","ast-page-background-enabled":"default","ast-page-background-meta":{"desktop":{"background-color":"var(--ast-global-color-5)","background-image":"","background-repeat":"repeat","background-position":"center center","background-size":"auto","background-attachment":"scroll","background-type":"","background-media":"","overlay-type":"","overlay-color":"","overlay-opacity":"","overlay-gradient":""},"tablet":{"background-color":"","background-image":"","background-repeat":"repeat","background-position":"center center","background-size":"auto","background-attachment":"scroll","background-type":"","background-media":"","overlay-type":"","overlay-color":"","overlay-opacity":"","overlay-gradient":""},"mobile":{"background-color":"","background-image":"","background-repeat":"repeat","background-position":"center center","background-size":"auto","background-attachment":"scroll","background-type":"","background-media":"","overlay-type":"","overlay-color":"","overlay-opacity":"","overlay-gradient":""}},"ast-content-background-meta":{"desktop":{"background-color":"var(--ast-global-color-4)","background-image":"","background-repeat":"repeat","background-position":"center center","background-size":"auto","background-attachment":"scroll","background-type":"","background-media":"","overlay-type":"","overlay-color":"","overlay-opacity":"","overlay-gradient":""},"tablet":{"background-color":"var(--ast-global-color-4)","background-image":"","background-repeat":"repeat","background-position":"center center","background-size":"auto","background-attachment":"scroll","background-type":"","background-media":"","overlay-type":"","overlay-color":"","overlay-opacity":"","overlay-gradient":""},"mobile":{"background-color":"var(--ast-global-color-4)","background-image":"","background-repeat":"repeat","background-position":"center center","background-size":"auto","background-attachment":"scroll","background-type":"","background-media":"","overlay-type":"","overlay-color":"","overlay-opacity":"","overlay-gradient":""}},"footnotes":""},"class_list":["post-98","page","type-page","status-publish","hentry"],"_links":{"self":[{"href":"https:\/\/azoresforesthomes.com\/en\/wp-json\/wp\/v2\/pages\/98","targetHints":{"allow":["GET"]}}],"collection":[{"href":"https:\/\/azoresforesthomes.com\/en\/wp-json\/wp\/v2\/pages"}],"about":[{"href":"https:\/\/azoresforesthomes.com\/en\/wp-json\/wp\/v2\/types\/page"}],"author":[{"embeddable":true,"href":"https:\/\/azoresforesthomes.com\/en\/wp-json\/wp\/v2\/users\/1"}],"replies":[{"embeddable":true,"href":"https:\/\/azoresforesthomes.com\/en\/wp-json\/wp\/v2\/comments?post=98"}],"version-history":[{"count":38,"href":"https:\/\/azoresforesthomes.com\/en\/wp-json\/wp\/v2\/pages\/98\/revisions"}],"predecessor-version":[{"id":965,"href":"https:\/\/azoresforesthomes.com\/en\/wp-json\/wp\/v2\/pages\/98\/revisions\/965"}],"wp:attachment":[{"href":"https:\/\/azoresforesthomes.com\/en\/wp-json\/wp\/v2\/media?parent=98"}],"curies":[{"name":"wp","href":"https:\/\/api.w.org\/{rel}","templated":true}]}}